{"id":14,"date":"2024-12-29T18:19:21","date_gmt":"2024-12-29T17:19:21","guid":{"rendered":"http:\/\/colomiers-volley.fr\/?page_id=14"},"modified":"2024-12-29T18:19:21","modified_gmt":"2024-12-29T17:19:21","slug":"contact","status":"publish","type":"page","link":"https:\/\/colomiers-volley.fr\/?page_id=14","title":{"rendered":"Contact"},"content":{"rendered":"\n<h2 class=\"wp-block-heading\">CONTACTS<\/h2>\n\n\n\n<p>Jean-Marie FAU<br>Pr\u00e9sident<br>06 86 27 34 17<br><a href=\"mailto:jean-marie.fau@colomiers-volley.fr\">jean-marie.fau@colomiers-volley.fr<\/a><\/p>\n\n\n\n<p>Fran\u00e7oise DARRE<br>Tr\u00e9sori\u00e8re<br><\/p>\n\n\n\n<p>St\u00e9phanie LACROIX<br>Inscriptions et Secr\u00e9tariat<br><\/p>\n\n\n\n<p>Aur\u00e9lien RUCAR<br>\u00c9cole de Volley<br><\/p>\n\n\n\n<p>N&rsquo;h\u00e9sitez pas \u00e0 consulter notre <a href=\"https:\/\/www.facebook.com\/colomiers.volley\/\">Facebook<\/a><\/p>\n\n\n\n<h2 class=\"wp-block-heading\">ACCES GYMNASES<\/h2>\n\n\n\n<h3 class=\"wp-block-heading\">Gymnase Lucie Aubrac (All\u00e9e Maurice Magre, 31770 Colomiers)<\/h3>\n\n\n\n<iframe loading=\"lazy\" src=\"https:\/\/www.google.com\/maps\/d\/embed?mid=10rLK9fwMufeFuSzVp-k9qcQRlbk\" width=\"640\" height=\"480\"><\/iframe>\n\n\n\n<h3 class=\"wp-block-heading\">Gymnase L\u00e9on Blum (2 Chemin du Maour\u00e9, 31770 Colomiers)<\/h3>\n\n\n\n<iframe loading=\"lazy\" src=\"https:\/\/www.google.fr\/maps\/ms?msa=0&amp;msid=206364633092890553842.0004ea101d12032c6ed30&amp;ie=UTF8&amp;t=m&amp;ll=43.616365,1.327028&amp;spn=0.007457,0.013733&amp;z=16&amp;output=embed\" marginwidth=\"0\" marginheight=\"0\" scrolling=\"no\" width=\"640\" height=\"480\" frameborder=\"0\"><\/iframe>\n\n\n\n<p><\/p>\n","protected":false},"excerpt":{"rendered":"<p>CONTACTS Jean-Marie FAUPr\u00e9sident06 86 27 34 17jean-marie.fau@colomiers-volley.fr Fran\u00e7oise DARRETr\u00e9sori\u00e8re St\u00e9phanie LACROIXInscriptions et Secr\u00e9tariat Aur\u00e9lien RUCAR\u00c9cole de Volley N&rsquo;h\u00e9sitez pas \u00e0&#8230;  <a class=\"excerpt-read-more\" href=\"https:\/\/colomiers-volley.fr\/?page_id=14\" title=\"Read Contact\">Read more &raquo;<\/a><\/p>\n","protected":false},"author":1,"featured_media":0,"parent":0,"menu_order":0,"comment_status":"closed","ping_status":"closed","template":"template\/template-about.php","meta":{"footnotes":""},"class_list":["post-14","page","type-page","status-publish","hentry"],"_links":{"self":[{"href":"https:\/\/colomiers-volley.fr\/index.php?rest_route=\/wp\/v2\/pages\/14","targetHints":{"allow":["GET"]}}],"collection":[{"href":"https:\/\/colomiers-volley.fr\/index.php?rest_route=\/wp\/v2\/pages"}],"about":[{"href":"https:\/\/colomiers-volley.fr\/index.php?rest_route=\/wp\/v2\/types\/page"}],"author":[{"embeddable":true,"href":"https:\/\/colomiers-volley.fr\/index.php?rest_route=\/wp\/v2\/users\/1"}],"replies":[{"embeddable":true,"href":"https:\/\/colomiers-volley.fr\/index.php?rest_route=%2Fwp%2Fv2%2Fcomments&post=14"}],"version-history":[{"count":20,"href":"https:\/\/colomiers-volley.fr\/index.php?rest_route=\/wp\/v2\/pages\/14\/revisions"}],"predecessor-version":[{"id":2409,"href":"https:\/\/colomiers-volley.fr\/index.php?rest_route=\/wp\/v2\/pages\/14\/revisions\/2409"}],"wp:attachment":[{"href":"https:\/\/colomiers-volley.fr\/index.php?rest_route=%2Fwp%2Fv2%2Fmedia&parent=14"}],"curies":[{"name":"wp","href":"https:\/\/api.w.org\/{rel}","templated":true}]}}