{"id":1991,"date":"2024-03-26T11:59:03","date_gmt":"2024-03-26T10:59:03","guid":{"rendered":"https:\/\/colomiers-volley.fr\/?page_id=1991"},"modified":"2025-11-18T18:23:06","modified_gmt":"2025-11-18T17:23:06","slug":"les-regles-darbitrage","status":"publish","type":"page","link":"https:\/\/colomiers-volley.fr\/?page_id=1991","title":{"rendered":"R\u00e8glement g\u00e9n\u00e9ral et r\u00e8gles de jeu en FSGT"},"content":{"rendered":"<div class=\"wp-block-image\">\n<figure class=\"aligncenter size-full\"><img loading=\"lazy\" decoding=\"async\" width=\"322\" height=\"242\" src=\"https:\/\/colomiers-volley.fr\/wp-content\/uploads\/2023\/10\/Arbitrage-service.jpg\" alt=\"\" class=\"wp-image-1879\" srcset=\"https:\/\/colomiers-volley.fr\/wp-content\/uploads\/2023\/10\/Arbitrage-service.jpg 322w, https:\/\/colomiers-volley.fr\/wp-content\/uploads\/2023\/10\/Arbitrage-service-300x225.jpg 300w\" sizes=\"auto, (max-width: 322px) 100vw, 322px\" \/><\/figure>\n<\/div>\n\n\n<p class=\"has-medium-font-size\">Le nouveau r\u00e8glement g\u00e9n\u00e9ral et les nouvelles r\u00e8gles FSGT \u00e0 compter de la saison 2025\/2026 sont consultables dans ce document :<\/p>\n\n\n\n<p class=\"has-medium-font-size\"><strong><a href=\"https:\/\/colomiers-volley.fr\/wp-content\/uploads\/2025\/11\/Reglement-general-et-regles-de-j_eu-2025-2026.pdf\" target=\"_blank\" rel=\"noreferrer noopener\">R\u00e8glement g\u00e9n\u00e9ral et r\u00e8gles FSGT<\/a><\/strong><br><br>Ci-dessous, un r\u00e9sum\u00e9 des principales nouveaut\u00e9s :<\/p>\n\n\n\n<p class=\"has-medium-font-size\">1. <strong>R\u00e8glement g\u00e9n\u00e9ral FGST <\/strong>(<strong><mark style=\"background-color:#00d084\" class=\"has-inline-color\">modifications surlign\u00e9es en vert<\/mark><\/strong>)<\/p>\n\n\n\n<p class=\"has-medium-font-size\">&#8211; Les \u00e9quipes sont compos\u00e9es de 6 joueurs sur le terrain, <mark style=\"background-color:#00d084\" class=\"has-inline-color has-black-color\"><strong>avec 6 rempla\u00e7ants maximum sur la feuille de match<\/strong>.<\/mark><br>&#8211; Afin d\u2019\u00e9viter un report de match, une \u00e9quipe peut, <mark style=\"background-color:#00d084\" class=\"has-inline-color\"><strong>maximum 3 fois\/saison<\/strong><\/mark>, jouer un match \u00e0 5.<br>&#8211; En 6&#215;6 Mixte, les \u00e9quipes sont compos\u00e9es de 3 joueurs et 3 joueuses sur le terrain, <mark style=\"background-color:#00d084\" class=\"has-inline-color\"><strong>avec 3 rempla\u00e7ants et 3 rempla\u00e7antes maximum sur la feuille de match<\/strong><\/mark>.<br>&#8211; La feuille de match comporte 12 lignes, <strong><mark style=\"background-color:#00d084\" class=\"has-inline-color\">vous ne pouvez pas rajouter une 13e ligne,<\/mark><\/strong><mark style=\"background-color:#ffffff\" class=\"has-inline-color\"> le nombre de joueurs\/joueuses inscrits pour un match est de 12 maximum.<\/mark><br>&#8211; <strong>Saisie des r\u00e9sultats <\/strong>: le mieux est de <strong><mark style=\"background-color:#00d084\" class=\"has-inline-color\">t\u00e9l\u00e9verser la feuille de match sur le site des r\u00e9sultats,<\/mark><\/strong> ainsi vous n\u2019aurez pas besoin de l\u2019envoyer par photo ou mail au responsable de poule. Les r\u00e9sultats sont saisis par l\u2019\u00e9quipe gagnante sur le site : <a href=\"https:\/\/www.hdum.com\/siteZ\/home.php\" target=\"_blank\" rel=\"noreferrer noopener\">www.hdum.com<\/a>.<br><\/p>\n\n\n\n<p class=\"has-medium-font-size\">2. <strong>R\u00e8gles FGST <\/strong>(<strong><mark style=\"background-color:#8ed1fc\" class=\"has-inline-color\">modifications surlign\u00e9es en bleu<\/mark><\/strong>)<\/p>\n\n\n\n<p class=\"has-medium-font-size\"><\/p>\n\n\n\n<p class=\"has-medium-font-size\">&#8211; <strong>Formation de d\u00e9part :<\/strong> Il doit toujours y avoir six joueurs en jeu pour chaque \u00e9quipe <strong><mark style=\"background-color:#8ed1fc\" class=\"has-inline-color\">(et maximum 12 joueurs sur la feuille de match)<\/mark><\/strong>.<br>&#8211; Un match commenc\u00e9 \u00e0 6 joueurs peut se terminer \u00e0 5 apr\u00e8s blessure de l\u2019un d\u2019entre eux.<br>S\u2019il s\u2019agit d\u2019une \u00e9quipe mixte, il devra toujours y avoir 3 filles sur le terrain, <strong><mark style=\"background-color:#8ed1fc\" class=\"has-inline-color\">sinon c\u2019est match perdu pour l\u2019\u00e9quipe en cause avec tous les points manquants attribu\u00e9s \u00e0 l\u2019autre \u00e9quipe pour gagner le match.<\/mark><\/strong><br>&#8211; Une \u00e9quipe terminant un match \u00e0 4 joueurs sera d\u00e9clar\u00e9e perdante <strong><mark style=\"background-color:#8ed1fc\" class=\"has-inline-color\">(avec tous les points manquants attribu\u00e9s \u00e0 l\u2019autre \u00e9quipe pour gagner le match).<\/mark><\/strong><br>&#8211; Un ballon qui franchit le plan vertical du filet partiellement ou enti\u00e8rement \u00e0 l\u2019ext\u00e9rieur de l\u2019espace de passage, en direction de la zone libre du camp adverse, peut-\u00eatre ramen\u00e9 <strong><mark style=\"background-color:#8ed1fc\" class=\"has-inline-color\">uniquement apr\u00e8s la 1\u00e8re touche de balle de l\u2019\u00e9quipe<\/mark><\/strong>.<\/p>\n\n\n\n<figure class=\"wp-block-image size-full\"><img loading=\"lazy\" decoding=\"async\" width=\"565\" height=\"351\" src=\"https:\/\/colomiers-volley.fr\/wp-content\/uploads\/2025\/11\/image.png\" alt=\"\" class=\"wp-image-2739\" srcset=\"https:\/\/colomiers-volley.fr\/wp-content\/uploads\/2025\/11\/image.png 565w, https:\/\/colomiers-volley.fr\/wp-content\/uploads\/2025\/11\/image-300x186.png 300w\" sizes=\"auto, (max-width: 565px) 100vw, 565px\" \/><\/figure>\n\n\n\n<p class=\"has-medium-font-size\">&#8211; <strong><mark style=\"background-color:#8ed1fc\" class=\"has-inline-color\">Il est interdit au joueur de toucher le filet entre les antennes<\/mark><\/strong>, y compris les antennes.<\/p>\n\n\n\n<p class=\"has-medium-font-size\">&#8211; <strong>Les touches de ballon<\/strong> : La premi\u00e8re r\u00e9ception peut \u00eatre doubl\u00e9e <strong><mark style=\"background-color:#8ed1fc\" class=\"has-inline-color\">si c\u2019est dans la m\u00eame action (pas 2 mouvements diff\u00e9rents) mais ni tenue, ni port\u00e9e, que la r\u00e9ception soit faite \u00e0 10 doigts ou avec tout autre partie du corps et qu\u2019elle reste dans son camp ou soit renvoy\u00e9e dans le camp adverse.<\/mark><\/strong><br>&#8211; <strong>Nouvelle r\u00e8gle : <mark style=\"background-color:#8ed1fc\" class=\"has-inline-color\">La 2\u00e8me touche de balle de l\u2019\u00e9quipe peut \u00eatre doubl\u00e9e<\/mark><\/strong> \u00e0 condition :<strong><mark style=\"background-color:#8ed1fc\" class=\"has-inline-color\"><br>o Que ce soit une passe haute (\u00e0 10 doigts) et qu\u2019elle ne touche pas une autre partie du corps (avant-bras, t\u00eate, \u2026),<br>o Et que le ballon est retouch\u00e9 par un \u00e9quipier avant d\u2019aller chez l\u2019adversaire. Donc si le ballon est doubl\u00e9 \u00e0 10 doigts et qu\u2019il franchit enti\u00e8rement le plan du filet ou est touch\u00e9 par le contre, c\u2019est une faute de doubl\u00e9.<\/mark><\/strong><br>&#8211; <strong>La frappe d&rsquo;attaque<\/strong> : <strong><mark style=\"background-color:#8ed1fc\" class=\"has-inline-color\">Il est interdit d\u2019attaquer un ballon enti\u00e8rement au-dessus du bord sup\u00e9rieur du filet si celui-ci vient d\u2019une passe haute (\u00e0 10 doits ou \u00e0 une main) r\u00e9alis\u00e9e par le lib\u00e9ro alors que le dernier appui de ses pieds \u00e9taient dans la zone avant. Sur une telle passe du lib\u00e9ro, il faut envoyer le ballon vers le camp adverse uniquement quand il est en dessous du bord sup\u00e9rieur du filet.<\/mark><\/strong><\/p>\n\n\n\n<figure class=\"wp-block-image size-full\"><img loading=\"lazy\" decoding=\"async\" width=\"552\" height=\"318\" src=\"https:\/\/colomiers-volley.fr\/wp-content\/uploads\/2025\/11\/image-1.png\" alt=\"\" class=\"wp-image-2741\" srcset=\"https:\/\/colomiers-volley.fr\/wp-content\/uploads\/2025\/11\/image-1.png 552w, https:\/\/colomiers-volley.fr\/wp-content\/uploads\/2025\/11\/image-1-300x173.png 300w\" sizes=\"auto, (max-width: 552px) 100vw, 552px\" \/><\/figure>\n\n\n\n<p class=\"has-medium-font-size\">&#8211; <strong>Positions<\/strong> : <strong>Nouvelle r\u00e8gle c\u00f4t\u00e9 \u00e9quipe au service :<\/strong><br><strong><mark style=\"background-color:#8ed1fc\" class=\"has-inline-color\">Les joueurs de l\u2019\u00e9quipe au service peuvent se placer o\u00f9 ils le souhaitent dans le terrain.<br>C\u00f4t\u00e9 service, les joueurs peuvent donc prendre leur place \u00e0 condition :<br>o Qu\u2019ils n\u2019aient pas les mains \/ bras au-dessus de la t\u00eate,<br>o Qu\u2019ils ne forment pas de groupe en \u00e9tant trop pr\u00e8s les uns des autres que le service passe<br>au-dessus de ce groupe ou pas.<br>o Si l\u2019un des 2 points ci-dessus est r\u00e9alis\u00e9, c\u2019est une faute d\u2019\u00e9cran qui donne le point et le<br>service \u00e0 l\u2019adversaire.<\/mark><\/strong><br>&#8211; <strong>C\u00f4t\u00e9 r\u00e9ception :<\/strong><br>Les joueurs doivent respecter leur position comme d\u00e9crit ci-apr\u00e8s, mais ce qui est nouveau c\u2019est que <strong><mark style=\"background-color:#8ed1fc\" class=\"has-inline-color\">l\u2019identification de la faute se fait au moment du lancer du ballon par le serveur<\/mark><\/strong> et plus au moment de la frappe du serveur. <strong><mark style=\"background-color:#8ed1fc\" class=\"has-inline-color\">Les joueurs de l\u2019\u00e9quipe en r\u00e9ception (en particulier le passeur) peuvent donc maintenant commencer \u00e0 changer leur position au moment du lancer du ballon<\/mark><\/strong><\/p>\n\n\n\n<figure class=\"wp-block-image size-full\"><img loading=\"lazy\" decoding=\"async\" width=\"789\" height=\"653\" src=\"https:\/\/colomiers-volley.fr\/wp-content\/uploads\/2025\/11\/image-2.png\" alt=\"\" class=\"wp-image-2743\" srcset=\"https:\/\/colomiers-volley.fr\/wp-content\/uploads\/2025\/11\/image-2.png 789w, https:\/\/colomiers-volley.fr\/wp-content\/uploads\/2025\/11\/image-2-300x248.png 300w, https:\/\/colomiers-volley.fr\/wp-content\/uploads\/2025\/11\/image-2-768x636.png 768w\" sizes=\"auto, (max-width: 789px) 100vw, 789px\" \/><\/figure>\n\n\n\n<p class=\"has-medium-font-size\"><\/p>\n\n\n\n<figure class=\"wp-block-image size-full\"><img loading=\"lazy\" decoding=\"async\" width=\"824\" height=\"538\" src=\"https:\/\/colomiers-volley.fr\/wp-content\/uploads\/2023\/10\/Dimensions-terrain.jpg\" alt=\"\" class=\"wp-image-1885\" srcset=\"https:\/\/colomiers-volley.fr\/wp-content\/uploads\/2023\/10\/Dimensions-terrain.jpg 824w, https:\/\/colomiers-volley.fr\/wp-content\/uploads\/2023\/10\/Dimensions-terrain-300x196.jpg 300w, https:\/\/colomiers-volley.fr\/wp-content\/uploads\/2023\/10\/Dimensions-terrain-768x501.jpg 768w\" sizes=\"auto, (max-width: 824px) 100vw, 824px\" \/><\/figure>\n\n\n\n<p><\/p>\n\n\n\n<p><\/p>\n","protected":false},"excerpt":{"rendered":"<p>Le nouveau r\u00e8glement g\u00e9n\u00e9ral et les nouvelles r\u00e8gles FSGT \u00e0 compter de la saison 2025\/2026 sont consultables dans ce document&#8230;  <a class=\"excerpt-read-more\" href=\"https:\/\/colomiers-volley.fr\/?page_id=1991\" title=\"Read R\u00e8glement g\u00e9n\u00e9ral et r\u00e8gles de jeu en FSGT\">Read more &raquo;<\/a><\/p>\n","protected":false},"author":3,"featured_media":0,"parent":0,"menu_order":0,"comment_status":"closed","ping_status":"closed","template":"","meta":{"footnotes":""},"class_list":["post-1991","page","type-page","status-publish","hentry"],"_links":{"self":[{"href":"https:\/\/colomiers-volley.fr\/index.php?rest_route=\/wp\/v2\/pages\/1991","targetHints":{"allow":["GET"]}}],"collection":[{"href":"https:\/\/colomiers-volley.fr\/index.php?rest_route=\/wp\/v2\/pages"}],"about":[{"href":"https:\/\/colomiers-volley.fr\/index.php?rest_route=\/wp\/v2\/types\/page"}],"author":[{"embeddable":true,"href":"https:\/\/colomiers-volley.fr\/index.php?rest_route=\/wp\/v2\/users\/3"}],"replies":[{"embeddable":true,"href":"https:\/\/colomiers-volley.fr\/index.php?rest_route=%2Fwp%2Fv2%2Fcomments&post=1991"}],"version-history":[{"count":11,"href":"https:\/\/colomiers-volley.fr\/index.php?rest_route=\/wp\/v2\/pages\/1991\/revisions"}],"predecessor-version":[{"id":2748,"href":"https:\/\/colomiers-volley.fr\/index.php?rest_route=\/wp\/v2\/pages\/1991\/revisions\/2748"}],"wp:attachment":[{"href":"https:\/\/colomiers-volley.fr\/index.php?rest_route=%2Fwp%2Fv2%2Fmedia&parent=1991"}],"curies":[{"name":"wp","href":"https:\/\/api.w.org\/{rel}","templated":true}]}}