{"id":220,"date":"2024-12-29T18:30:56","date_gmt":"2024-12-29T17:30:56","guid":{"rendered":"http:\/\/colomiers-volley.fr\/?page_id=220"},"modified":"2026-03-28T14:28:39","modified_gmt":"2026-03-28T13:28:39","slug":"leo-lagrange","status":"publish","type":"page","link":"https:\/\/colomiers-volley.fr\/?page_id=220","title":{"rendered":"Leo Lagrange"},"content":{"rendered":"<p>La section Volley Ball de Colomiers fait partie de l\u2019association L\u00e9o Lagrange de Colomiers compos\u00e9e de plus de 2 100 adh\u00e9rents r\u00e9partis sur environ 32 sections et ateliers.\u00a0L\u2019association L\u00e9o Lagrange de Colomiers cr\u00e9\u00e9e en 1960, s\u2019inscrit comme un acteur de la d\u00e9mocratie locale, au c\u0153ur des valeurs humaines et de la citoyennet\u00e9.<\/p>\n<p>Les valeurs qui nous rassemblent : un id\u00e9al de progr\u00e8s fond\u00e9 sur les valeurs r\u00e9publicaines :<\/p>\n<h2>\u00a0Libert\u00e9, justice sociale et d\u00e9mocratie&#8230;<\/h2>\n<p>&#8230;Ces valeurs qui nous rassemblent ont guid\u00e9 l&rsquo;action des b\u00e9n\u00e9voles et des permanents de la F\u00e9d\u00e9ration L\u00e9o Lagrange depuis la cr\u00e9ation du premier club en 1950.\u00a0Il s&rsquo;agit toujours de favoriser la justice sociale et l&rsquo;\u00e9galit\u00e9, pour que chacun trouve sa place, acc\u00e8de \u00e0 la connaissance et s&rsquo;\u00e9panouisse, dans une soci\u00e9t\u00e9 d\u00e9mocratique et de progr\u00e8s.\u00a0Ainsi nous contribuons \u00e0 construire un citoyen libre dans une soci\u00e9t\u00e9 que nous r\u00eavons solidaire et fraternelle.\u00a0Pour elle, la principale valeur, c\u2019est \u00eatre le mouvement d\u2019\u00e9ducation populaire, c\u2019est-\u00e0-dire :<\/p>\n<ul>\n<li>donner les moyens \u00e0 tous, tout au long de la vie de s\u2019\u00e9panouir et de s\u2019emparer de sa citoyennet\u00e9<\/li>\n<li>agir, en compl\u00e9ment de l\u2019\u00e9cole et de la famille, pour favoriser l\u2019\u00e9galit\u00e9 des chances<\/li>\n<li>proposer aux publics de tous \u00e2ges des loisirs et des activit\u00e9s permettant \u00e0 chacun de contribuer au progr\u00e8s social<\/li>\n<li>\u00eatre l\u2019ambassadrice de la jeunesse en offrant aux jeunes un espace d\u2019engagement citoyen<\/li>\n<li>permettre \u00e0 chacun d\u2019allier la d\u00e9couverte de soi \u00e0 l\u2019envie d\u2019aller vers l\u2019autre<\/li>\n<\/ul>\n<p>C\u2019est, en somme, un engagement \u00e9ducatif.<\/p>\n<p>&nbsp;<\/p>\n<h2>Notre projet de soci\u00e9t\u00e9&#8230;<\/h2>\n<p>\u2026 veut donner aux hommes les moyens de construire eux-m\u00eames leur avenir, d&rsquo;acc\u00e9der \u00e0 la connaissance, \u00e0 la conscience et \u00e0 l&rsquo;action citoyenne. Cet id\u00e9al de progr\u00e8s, individuel et collectif, mobilise et guide au quotidien l&rsquo;action des b\u00e9n\u00e9voles comme des permanents L\u00e9o Lagrange.<\/p>\n<p>Faites progresser avec nous :<\/p>\n<ul>\n<li>Le d\u00e9veloppement de la culture, des loisirs et de toutes les activit\u00e9s \u00e9ducatives.<\/li>\n<li>Le rapprochement et la promotion des hommes et des femmes, dans un esprit de compr\u00e9hension r\u00e9ciproque et d\u2019amiti\u00e9 fraternelle.<\/li>\n<li>La contribution \u00e0 l\u2019av\u00e8nement d\u2019une soci\u00e9t\u00e9 de progr\u00e8s, juste, humaniste, la\u00efque et r\u00e9publicaine&#8230;<\/li>\n<\/ul>\n<p>Relevez avec nous des d\u00e9fis :<\/p>\n<ul>\n<li>Combattre le racisme, les exclusions, les in\u00e9galit\u00e9s.<\/li>\n<li>Agir pour pr\u00e9server l\u2019environnement<\/li>\n<li>Vivre pleinement le temps libre pour s\u2019\u00e9panouir et tisser des liens<\/li>\n<li>Promouvoir l\u2019acc\u00e8s de tous \u00e0 la connaissance et au savoir.<\/li>\n<li>Entreprendre et gagner sa vie autrement gr\u00e2ce \u00e0 l\u2019\u00e9conomie sociale<\/li>\n<li>B\u00e2tir une Europe des citoyens<\/li>\n<li>Etre solidaire des jeunes de tous les pays.<\/li>\n<\/ul>\n<p>La F\u00e9d\u00e9ration L\u00e9o Lagrange est n\u00e9e le 6 novembre 1950. Ses jeunes fondateurs, Pierre Mauroy en t\u00eate, se donnant alors pour mission de mettre en \u0153uvre ce que L\u00e9o Lagrange, figure majeure du Front populaire, avait d\u00e9j\u00e0 imagin\u00e9 en son temps :<\/p>\n<address>\u00a0\u00ab\u00a0Etendre la culture et organiser les loisirs des jeunes,\u00a0particuli\u00e8rement par la cr\u00e9ation des clubs de loisirs\u00a0\u00bb.<\/address>\n<p>&nbsp;<\/p>\n<p>Tout ce mouvement a \u00e9t\u00e9 insuffl\u00e9 par l\u2019homme L\u00e9o Lagrange :\u00a0N\u00e9 le 28 novembre 1900 \u00e0 Bourg-sur-Gironde, L\u00e9o Lagrange est mort au combat pour la France \u00e0 Evergnicourt (Aisne) le 9 juin 1940.\u00a0Scout dans sa jeunesse, il suit de brillantes \u00e9tudes au lyc\u00e9e Henri IV \u00e0 Paris. Il s&rsquo;engage \u00e0 17 ans pendant la premi\u00e8re Guerre Mondiale.\u00a0Des \u00e9tudes de Droit et de Sciences Politiques le poussent vers le m\u00e9tier d&rsquo;avocat : il sera l&rsquo;infatigable d\u00e9fenseur des anciens combattants bless\u00e9s, handicap\u00e9s voire gaz\u00e9s.\u00a0En 1936 il est nomm\u00e9 par L\u00e9on Blum, pr\u00e9sident du Conseil du Front Populaire, sous-secr\u00e9taire d&rsquo;\u00e9tat aux sports et \u00e0 l&rsquo;organisation des loisirs : Il s&#8217;emploie \u00e0 d\u00e9velopper les loisirs sportifs, touristiques et culturels. Il est \u00e0 l\u2019origine de la cr\u00e9ation du billet populaire de cong\u00e9s annuels qui accorde 40% de r\u00e9duction sur les transports ferroviaires, tandis qu&rsquo;il encourage et impulse le mouvement des auberges de jeunesse, et la construction de nombreux stades.\u00a0Il luttera contre les Jeux Olympiques de Berlin en 1936 organis\u00e9s par Hitler en organisant des Olympiades populaires \u00e0 Barcelone.\u00a0En 1940 il n&rsquo;accepte pas l&rsquo;invasion allemande, rejoint volontairement le commandement militaire et meurt en h\u00e9ros le 9 juin 1940.<\/p>\n<address>\u00ab\u00a0Il est mort dans le courage, dans la recherche de la v\u00e9rit\u00e9 et dans la dignit\u00e9.\u00a0C&rsquo;\u00e9tait un homme que nous aimions.\u00a0\u00bb (Andr\u00e9 Malraux)<\/address>\n\n\n<p>Plus d&rsquo;informations (notamment l&rsquo;actualit\u00e9 des autres sections) :<\/p>\n\n\n\n<p><a href=\"https:\/\/leolagrangecolomiers.org\/\" target=\"_blank\" rel=\"noreferrer noopener\">Le site<\/a> <\/p>\n\n\n\n<p><a href=\"https:\/\/www.facebook.com\/LeoLagrangeColomiers\" target=\"_blank\" rel=\"noreferrer noopener\">Facebook<\/a><\/p>\n\n\n\n<p><\/p>\n","protected":false},"excerpt":{"rendered":"<p>La section Volley Ball de Colomiers fait partie de l\u2019association L\u00e9o Lagrange de Colomiers compos\u00e9e de plus de 2 100&#8230;  <a class=\"excerpt-read-more\" href=\"https:\/\/colomiers-volley.fr\/?page_id=220\" title=\"Read Leo Lagrange\">Read more &raquo;<\/a><\/p>\n","protected":false},"author":1,"featured_media":0,"parent":172,"menu_order":0,"comment_status":"closed","ping_status":"closed","template":"","meta":{"footnotes":""},"class_list":["post-220","page","type-page","status-publish","hentry"],"_links":{"self":[{"href":"https:\/\/colomiers-volley.fr\/index.php?rest_route=\/wp\/v2\/pages\/220","targetHints":{"allow":["GET"]}}],"collection":[{"href":"https:\/\/colomiers-volley.fr\/index.php?rest_route=\/wp\/v2\/pages"}],"about":[{"href":"https:\/\/colomiers-volley.fr\/index.php?rest_route=\/wp\/v2\/types\/page"}],"author":[{"embeddable":true,"href":"https:\/\/colomiers-volley.fr\/index.php?rest_route=\/wp\/v2\/users\/1"}],"replies":[{"embeddable":true,"href":"https:\/\/colomiers-volley.fr\/index.php?rest_route=%2Fwp%2Fv2%2Fcomments&post=220"}],"version-history":[{"count":5,"href":"https:\/\/colomiers-volley.fr\/index.php?rest_route=\/wp\/v2\/pages\/220\/revisions"}],"predecessor-version":[{"id":2845,"href":"https:\/\/colomiers-volley.fr\/index.php?rest_route=\/wp\/v2\/pages\/220\/revisions\/2845"}],"up":[{"embeddable":true,"href":"https:\/\/colomiers-volley.fr\/index.php?rest_route=\/wp\/v2\/pages\/172"}],"wp:attachment":[{"href":"https:\/\/colomiers-volley.fr\/index.php?rest_route=%2Fwp%2Fv2%2Fmedia&parent=220"}],"curies":[{"name":"wp","href":"https:\/\/api.w.org\/{rel}","templated":true}]}}