{"id":223,"date":"2022-11-21T21:49:00","date_gmt":"2022-11-21T20:49:00","guid":{"rendered":"http:\/\/colomiers-volley.fr\/?page_id=223"},"modified":"2026-03-28T18:30:01","modified_gmt":"2026-03-28T17:30:01","slug":"bureau","status":"publish","type":"page","link":"https:\/\/colomiers-volley.fr\/?page_id=223","title":{"rendered":"Bureau Volley Ball Colomiers"},"content":{"rendered":"<p>Pr\u00e9sident : Jean-Marie FAU<\/p>\n<p>Vice-Pr\u00e9sident : G\u00e9rard GOYON<\/p>\n<p>Tr\u00e9sorier : Aur\u00e9lien VERPOORT<\/p>\n<p>Secr\u00e9taire : St\u00e9phanie LACROIX<\/p>\n<p>Le Comit\u00e9 Directeur (ou bureau \u00e9largi) du Volley Ball est compos\u00e9 des membres du bureau et des membres suivants :<br \/>Charg\u00e9 des f\u00eates et service techniques : Jean Claude MIGNOT <br \/>Charg\u00e9e du mat\u00e9riel et des \u00e9quipements : St\u00e9phanie LACROIX <br \/>Charg\u00e9 de la communication : Laurent DOMINE (publication Facebook) et G\u00e9rard GOYON (publication site internet) . <br \/>Tournoi \u00ab\u00a0la Ricoulade\u00a0\u00bb : Jean-Christophe NANTEUIL et Jean Claude MIGNOT.<br \/>Responsable Ados 13-17 : Aur\u00e9lien RUCAR.<br \/>Et les responsables d\u2019\u00e9quipe et des loisirs qui font partie du bureau \u00e9largi.<\/p>\n<hr \/>\n\n\n<p>La derni\u00e8re assembl\u00e9e g\u00e9n\u00e9rale du Club de Volley Ball Colomiers CLLL a eu lieu <strong>le 18 novembre 2025.<\/strong><\/p>\n\n\n\n<p>Vous trouverez en lien le\u00a0<a href=\"https:\/\/colomiers-volley.fr\/wp-content\/uploads\/2026\/03\/CR-AG-Volley-20251118.pdf\" target=\"_blank\" rel=\"noreferrer noopener\">compte rendu de l\u2019Assembl\u00e9e G\u00e9n\u00e9rale<\/a>\u00a0.<\/p>\n\n\n\n<p>Ainsi que le\u00a0<a href=\"https:\/\/colomiers-volley.fr\/wp-content\/uploads\/2026\/03\/AG-Rapport-moral-Volley-2024-2025.pdf\" target=\"_blank\" rel=\"noreferrer noopener\">rapport d\u2019activit\u00e9<\/a>\u00a0de la saison 2024-2025.<br><\/p>\n\n\n\n<p>Bonne lecture.<\/p>\n\n\n\n<hr class=\"wp-block-separator has-alpha-channel-opacity\"\/>\n\n\n\n<p>La pr\u00e9c\u00e9dente Assembl\u00e9e G\u00e9n\u00e9rale du Club de Volley Ball Colomiers CLLL a eu lieu <strong>le 1er octobre 2024.<\/strong><\/p>\n\n\n\n<p>Vous trouverez en lien le&nbsp;<a href=\"https:\/\/colomiers-volley.fr\/wp-content\/uploads\/2024\/11\/CR_AG_2024_C3L_Volley.pdf\" target=\"_blank\" rel=\"noreferrer noopener\">compte rendu de l\u2019Assembl\u00e9e G\u00e9n\u00e9rale<\/a>&nbsp;.<\/p>\n\n\n\n<p>Ainsi que le&nbsp;<a href=\"https:\/\/colomiers-volley.fr\/wp-content\/uploads\/2024\/11\/AG_2024_Rapport_moral_Volley.pdf\" target=\"_blank\" rel=\"noreferrer noopener\">rapport d\u2019activit\u00e9<\/a>&nbsp;de la saison 2023-2024.<br><\/p>\n\n\n\n<p>Bonne lecture.<\/p>\n\n\n\n<hr class=\"wp-block-separator has-alpha-channel-opacity\"\/>\n\n\n\n<p>La pr\u00e9c\u00e9dente Assembl\u00e9e G\u00e9n\u00e9rale du Club de Volley Ball Colomiers CLLL avait eu lieu le 26 septembre 2023.<\/p>\n\n\n\n<p>Vous trouverez en lien le&nbsp;<a href=\"https:\/\/mcusercontent.com\/d8221d56da9195a33d2c2d9b6\/files\/9ceab54e-d1d9-1e37-de8b-ea7c898e81b3\/CR_AG_2023_C3L_Volley_2023_09_26.pdf\" target=\"_blank\" rel=\"noreferrer noopener\">compte rendu de l\u2019Assembl\u00e9e G\u00e9n\u00e9rale<\/a>&nbsp;.<\/p>\n\n\n\n<p>Ainsi que le&nbsp;<a href=\"https:\/\/mcusercontent.com\/d8221d56da9195a33d2c2d9b6\/files\/d7ed9624-a6ae-3a8f-04d5-1fa89160b67d\/AG2023_RapportMoral.pdf\" target=\"_blank\" rel=\"noreferrer noopener\">rapport d\u2019activit\u00e9<\/a>&nbsp;de la saison 2022-2023.<br><\/p>\n\n\n\n<p>Bonne lecture.<\/p>\n\n\n\n<p><\/p>\n\n\n\n<figure class=\"wp-block-image size-large\"><img loading=\"lazy\" decoding=\"async\" width=\"1024\" height=\"576\" src=\"https:\/\/colomiers-volley.fr\/wp-content\/uploads\/2023\/07\/Benevoles-1024x576.jpg\" alt=\"\" class=\"wp-image-1781\" srcset=\"https:\/\/colomiers-volley.fr\/wp-content\/uploads\/2023\/07\/Benevoles-1024x576.jpg 1024w, https:\/\/colomiers-volley.fr\/wp-content\/uploads\/2023\/07\/Benevoles-300x169.jpg 300w, https:\/\/colomiers-volley.fr\/wp-content\/uploads\/2023\/07\/Benevoles-768x432.jpg 768w, https:\/\/colomiers-volley.fr\/wp-content\/uploads\/2023\/07\/Benevoles-1536x864.jpg 1536w, https:\/\/colomiers-volley.fr\/wp-content\/uploads\/2023\/07\/Benevoles-2048x1152.jpg 2048w\" sizes=\"auto, (max-width: 1024px) 100vw, 1024px\" \/><\/figure>\n","protected":false},"excerpt":{"rendered":"<p>Pr\u00e9sident : Jean-Marie FAU Vice-Pr\u00e9sident : G\u00e9rard GOYON Tr\u00e9sorier : Aur\u00e9lien VERPOORT Secr\u00e9taire : St\u00e9phanie LACROIX Le Comit\u00e9 Directeur (ou&#8230;  <a class=\"excerpt-read-more\" href=\"https:\/\/colomiers-volley.fr\/?page_id=223\" title=\"Read Bureau Volley Ball Colomiers\">Read more &raquo;<\/a><\/p>\n","protected":false},"author":1,"featured_media":0,"parent":172,"menu_order":0,"comment_status":"closed","ping_status":"closed","template":"template\/template-about.php","meta":{"footnotes":""},"class_list":["post-223","page","type-page","status-publish","hentry"],"_links":{"self":[{"href":"https:\/\/colomiers-volley.fr\/index.php?rest_route=\/wp\/v2\/pages\/223","targetHints":{"allow":["GET"]}}],"collection":[{"href":"https:\/\/colomiers-volley.fr\/index.php?rest_route=\/wp\/v2\/pages"}],"about":[{"href":"https:\/\/colomiers-volley.fr\/index.php?rest_route=\/wp\/v2\/types\/page"}],"author":[{"embeddable":true,"href":"https:\/\/colomiers-volley.fr\/index.php?rest_route=\/wp\/v2\/users\/1"}],"replies":[{"embeddable":true,"href":"https:\/\/colomiers-volley.fr\/index.php?rest_route=%2Fwp%2Fv2%2Fcomments&post=223"}],"version-history":[{"count":23,"href":"https:\/\/colomiers-volley.fr\/index.php?rest_route=\/wp\/v2\/pages\/223\/revisions"}],"predecessor-version":[{"id":2854,"href":"https:\/\/colomiers-volley.fr\/index.php?rest_route=\/wp\/v2\/pages\/223\/revisions\/2854"}],"up":[{"embeddable":true,"href":"https:\/\/colomiers-volley.fr\/index.php?rest_route=\/wp\/v2\/pages\/172"}],"wp:attachment":[{"href":"https:\/\/colomiers-volley.fr\/index.php?rest_route=%2Fwp%2Fv2%2Fmedia&parent=223"}],"curies":[{"name":"wp","href":"https:\/\/api.w.org\/{rel}","templated":true}]}}