{"id":227,"date":"2023-06-21T21:51:00","date_gmt":"2023-06-21T20:51:00","guid":{"rendered":"http:\/\/colomiers-volley.fr\/?page_id=227"},"modified":"2025-11-15T12:19:46","modified_gmt":"2025-11-15T11:19:46","slug":"tarifs-horaires","status":"publish","type":"page","link":"https:\/\/colomiers-volley.fr\/?page_id=227","title":{"rendered":"Horaires Tarifs Inscriptions"},"content":{"rendered":"<div>\n<h3>La nouvelle saison 2025-2026 du Club de Volley Ball\u00a0 de Colomiers C3L est repartie depuis le mardi 9 septembre 2025.<\/h3>\n<h3>Les inscriptions de la formule Loisirs Adultes sont termin\u00e9es, car trop de joueurs sur ces cr\u00e9neaux.<\/h3>\n<p>Il n&rsquo;y a plus de s\u00e9ance d&rsquo;essai. Seuls ceux qui sont inscrits en Loisirs peuvent venir jouer sur les cr\u00e9neaux Loisirs. Des contr\u00f4les vont \u00eatre effectu\u00e9s d\u00e8s maintenant.<\/p>\n<p>Ceux <strong>qui jouent en championnat FSGT<\/strong> et qui ont l&rsquo;aval de leur capitaine peuvent s&rsquo;inscrire<a href=\"https:\/\/inscription-colomiers-volley.fr\/inscription\" target=\"_blank\" rel=\"noopener\"> \u00e0 travers ce lien<\/a><\/p>\n<h3><strong>Inscription des nouveaux jeunes de 13 \u00e0 17 ans : Termin\u00e9e<\/strong><\/h3>\n<p>Pour les jeunes de 13 \u00e0 17 ans au 31\/12\/2025 (n\u00e9s dans une ann\u00e9e de 2008 \u00e0 2012) l<strong>&lsquo;Ecole de Volley est compl\u00e8te<\/strong>. On ne peut plus s&rsquo;inscrire.<\/p>\n<p>&nbsp;<\/p>\n<\/div>\n<div><hr \/>\n<h2><b>Horaires 2025-2026<\/b><\/h2>\n<p><strong>Mardi (Gymnase Lucie Aubrac &#8211; All\u00e9e Maurice Magre, 31770 Colomiers)<\/strong><\/p>\n<p>19h00 &#8211; 21h00 \/ Entrainement des jeunes (13-17 ans) hors vacances scolaires<br \/>\u00a0 \u00a0 \u00a0 \u00a0 \u00a0 \u00a0 \u00a0 \u00a0 \u00a0 \u00a0 \u00a0 \u00a0 \u00a0 \u00a0 \u00a0 + au moins 4 tournois de Volley dans la saison, certains samedis apr\u00e8s midi<\/p>\n<p>21h00 &#8211; 23h00 \/ Entrainement libre adultes &amp; Loisirs d\u00e9tente\u00a0 \u00a0<\/p>\n<p><strong>Vendredi<\/strong><\/p>\n<p>12h15 &#8211; 13h30 \/ Loisirs d\u00e9tente (Gymnase Lucie Aubrac &#8211; All\u00e9e Maurice Magre, 31770 Colomiers)<\/p>\n<p>20h30 &#8211; 23h00 \/ Loisirs d\u00e9tente (Gymnase L\u00e9on Blum &#8211; 2 Chemin du Maour\u00e9, 31770 Colomiers)<\/p>\n<p>Les Plans d&rsquo;acc\u00e8s des gymnases se trouvent \u00e0 la <a href=\"https:\/\/colomiers-volley.fr\/?page_id=14\">page \u00ab\u00a0Contact\u00a0\u00bb<\/a><\/p>\n<\/div>\n<h2><b>Tarifs 2025-2026<\/b><\/h2>\n<div style=\"text-align: left;\" align=\"center\">\n<table border=\"0\" width=\"495\" cellspacing=\"0\" cellpadding=\"0\">\n<tbody>\n<tr>\n<td colspan=\"2\" nowrap=\"nowrap\" width=\"495\"><strong>Cotisation section Volley-Ball<\/strong><\/td>\n<\/tr>\n<tr>\n<td nowrap=\"nowrap\" width=\"281\">Adulte Loisir (sans comp\u00e9tition)<\/td>\n<td nowrap=\"nowrap\" width=\"214\">\n<p align=\"center\">40,00 \u20ac<\/p>\n<\/td>\n<\/tr>\n<tr>\n<td nowrap=\"nowrap\" width=\"281\">Adulte Comp\u00e9tition (Licence FSGT)<\/td>\n<td nowrap=\"nowrap\" width=\"214\">\n<p align=\"center\">80,00 \u20ac<\/p>\n<\/td>\n<\/tr>\n<tr>\n<td nowrap=\"nowrap\" width=\"281\">Ados (13\/17 ans) avec licence FSGT<\/td>\n<td nowrap=\"nowrap\" width=\"214\">\n<p align=\"center\">60,00 \u20ac<\/p>\n<\/td>\n<\/tr>\n<tr>\n<td nowrap=\"nowrap\" width=\"281\">\u00a0<\/td>\n<td nowrap=\"nowrap\" width=\"214\">\n<p align=\"center\">Prix par personne<br \/>pour la saison<\/p>\n<\/td>\n<\/tr>\n<\/tbody>\n<\/table>\n<table border=\"0\" width=\"495\" cellspacing=\"0\" cellpadding=\"0\">\n<tbody>\n<tr>\n<td colspan=\"2\" nowrap=\"nowrap\" width=\"495\"><strong>Adh\u00e9sion au Club L\u00e9o Lagrange de Colomiers (CLLL)<\/strong><\/td>\n<\/tr>\n<tr>\n<td nowrap=\"nowrap\" width=\"281\">Colum\u00e9rin<\/td>\n<td nowrap=\"nowrap\" width=\"214\">\n<p align=\"center\">19,00 \u20ac<\/p>\n<\/td>\n<\/tr>\n<tr>\n<td nowrap=\"nowrap\" width=\"281\">Non Colum\u00e9rin<\/td>\n<td nowrap=\"nowrap\" width=\"214\">\n<p align=\"center\">27,00 \u20ac<\/p>\n<\/td>\n<\/tr>\n<tr>\n<td nowrap=\"nowrap\" width=\"281\">\u00a0Personne suppl\u00e9mentaire (m\u00eame famille)<\/td>\n<td nowrap=\"nowrap\" width=\"214\">\n<p align=\"center\">6.00 \u20ac<\/p>\n<\/td>\n<\/tr>\n<\/tbody>\n<\/table>\n<h2>Pour adh\u00e9rer \u00e0 la saison 2025-2026 :<\/h2>\n<\/div>\n<div style=\"text-align: left;\" align=\"center\">\n<p>Il n\u2019est plus obligatoire de produire un certificat m\u00e9dical la 1\u00e8re ann\u00e9e ou tous les 3 ans.<\/p>\n<p>Toutefois, que ce soit pour les adultes ou les mineurs, il est obligatoire de produire chaque ann\u00e9e un document de sant\u00e9 valide :<\/p>\n<ul>\n<li>Soit une attestation de sant\u00e9 avec une r\u00e9ponse n\u00e9gative \u00e0 toutes les questions,<\/li>\n<li>ou sinon un certificat m\u00e9dical.<\/li>\n<\/ul>\n<p><strong>L\u2019inscription et le paiement en ligne sont \u00e0 privil\u00e9gier<\/strong>. Elles sont simples\u00a0: un seul paiement en ligne\u00a0; il n\u2019y a plus besoin de t\u00e9l\u00e9charger de formulaire, ni de les compl\u00e9ter avant.<\/p>\n<hr \/>\n<p>Toutefois, si vous souhaitez payer avec des <strong>ch\u00e8ques vacances, ou coupons Sport, ou Pass Sport, ou ch\u00e8ques,<\/strong> il est n\u00e9cessaire de s\u2019inscrire manuellement en format papier.<\/p>\n<p><strong>En cas d\u2019inscription manuelle en format papier, <\/strong>vous pouvez t\u00e9l\u00e9charger ci-dessous tous les documents et formulaires vierges n\u00e9cessaires \u00e0 l\u2019inscription.<\/p>\n<p>Pour <strong>l\u2019inscription manuelle d\u2019un Adulte<\/strong>, il faut chaque ann\u00e9e, t\u00e9l\u00e9charger, compl\u00e9ter et donner\u00a0:<\/p>\n<ul>\n<li>Un Bulletin d\u2019Adh\u00e9sion au CLLL Colomiers<\/li>\n<li>Une attestation de sant\u00e9 avec une r\u00e9ponse n\u00e9gative \u00e0 toutes les questions, (ou sinon un certificat m\u00e9dical)<\/li>\n<li>Pour les adultes inscrits en Championnat FSGT, une demande de licence FSGT, avec une photo num\u00e9ris\u00e9e<\/li>\n<li>Donner 2 ch\u00e8ques\u00a0: 1 \u00e0 l&rsquo;ordre de \u00ab CLLL Colomiers \u00bb et 1 pour la section Volley-Ball \u00e0 l&rsquo;ordre de \u00ab CLLL Volley-Ball \u00bb<\/li>\n<\/ul>\n<p>Pour <strong>l\u2019inscription manuelle d\u2019un Mineur<\/strong>, il faut chaque ann\u00e9e, t\u00e9l\u00e9charger, compl\u00e9ter et donner :<\/p>\n<ul>\n<li>Un Bulletin d\u2019Adh\u00e9sion au CLLL Colomiers<\/li>\n<li>Une attestation de sant\u00e9 avec une r\u00e9ponse n\u00e9gative \u00e0 toutes les questions, (ou sinon un certificat m\u00e9dical)<\/li>\n<li>Une demande de licence FSGT, avec une photo num\u00e9ris\u00e9e<\/li>\n<li>Une Autorisation des Parents valid\u00e9e<\/li>\n<li>Donner 2 ch\u00e8ques\u00a0: 1 \u00e0 l&rsquo;ordre de \u00ab CLLL Colomiers \u00bb et 1 pour la section Volley-Ball \u00e0 l&rsquo;ordre de \u00ab CLLL Volley-Ball \u00bb<\/li>\n<\/ul>\n<p><strong>ACCES AU TELECHARGEMENT DES FORMULAIRES VIERGES D\u2019INSCRIPTION\u00a0:<\/strong><\/p>\n<p>Les formulaires \u00e0 t\u00e9l\u00e9charger sont propos\u00e9s en PDF interactif, c&rsquo;est-\u00e0-dire inscriptible sans l&rsquo;imprimer.<\/p>\n<p>Sinon, ils sont en Format Word (ou PDF).<\/p>\n<p>L\u2019int\u00e9r\u00eat du format Word est de pouvoir compl\u00e9ter sur son PC, puis l\u2019imprimer.<\/p>\n<p>Si vous n\u2019avez pas Word, imprimer le formulaire PDF et compl\u00e9ter \u00a0le en manuscrit.<\/p>\n<table>\n<tbody>\n<tr>\n<td width=\"310\">\n<p style=\"text-align: center;\"><strong>T\u00e9l\u00e9chargement formulaire vierge<\/strong><\/p>\n<\/td>\n<td width=\"161\">\n<p style=\"text-align: center;\"><strong>Adulte<\/strong><\/p>\n<\/td>\n<td width=\"144\">\n<p style=\"text-align: center;\"><strong>Mineur<\/strong><\/p>\n<\/td>\n<\/tr>\n<tr>\n<td width=\"310\">\n<p>Bulletin d\u2019adh\u00e9sion au CLLL Colomiers<\/p>\n<\/td>\n<td width=\"161\">\n<p style=\"text-align: center;\"><a href=\"https:\/\/colomiers-volley.fr\/wp-content\/uploads\/2025\/07\/Bulletin-adhesion-2025-2026-CLLL-Interact.pdf\"> format PDF <br \/>interactif<\/a><\/p>\n<\/td>\n<td width=\"144\">\n<p style=\"text-align: center;\"><a href=\"https:\/\/colomiers-volley.fr\/wp-content\/uploads\/2025\/07\/Bulletin-adhesion-2025-2026-CLLL-Interact.pdf\"> format PDF\u00a0<br \/>interactif<\/a><\/p>\n<\/td>\n<\/tr>\n<tr>\n<td width=\"310\">\n<p>Attestation de Sant\u00e9<\/p>\n<\/td>\n<td width=\"161\">\n<p style=\"text-align: center;\"><a href=\"https:\/\/colomiers-volley.fr\/wp-content\/uploads\/2025\/07\/Questionnaire-sante-adultes-Renouvellement-Licence-CLLL-2025.pdf\" target=\"_blank\" rel=\"noopener\">Format PDF<\/a><br \/><a href=\"https:\/\/colomiers-volley.fr\/wp-content\/uploads\/2025\/07\/Questionnaire-sante-adultes-Renouvellement-Licence-CLLL-2025.pdf\" target=\"_blank\" rel=\"noopener\">interactif<\/a><\/p>\n<\/td>\n<td width=\"144\">\n<p style=\"text-align: center;\"><a href=\"https:\/\/colomiers-volley.fr\/wp-content\/uploads\/2025\/07\/Questionnaire-sante-jeunes-CLLL-2025.pdf\" target=\"_blank\" rel=\"noopener\">Format PDF<br \/>interactif<\/a><\/p>\n<\/td>\n<\/tr>\n<tr>\n<td width=\"310\">\n<p>Demande de licence FSGT<\/p>\n<\/td>\n<td width=\"161\">\n<p style=\"text-align: center;\"><a href=\"https:\/\/colomiers-volley.fr\/wp-content\/uploads\/2023\/09\/Demande-de-licence-adulte.doc\">Format Word<\/a><\/p>\n<p style=\"text-align: center;\">Ou <a href=\"https:\/\/colomiers-volley.fr\/wp-content\/uploads\/2023\/09\/Demande-de-licence-adulte.pdf\" target=\"_blank\" rel=\"noopener\">format PDF<\/a><\/p>\n<\/td>\n<td width=\"144\">\n<p style=\"text-align: center;\"><a href=\"https:\/\/colomiers-volley.fr\/wp-content\/uploads\/2024\/06\/Demande-de-licence-jeune-v2.doc\">Format Word<\/a><\/p>\n<p style=\"text-align: center;\">Ou <a href=\"https:\/\/colomiers-volley.fr\/wp-content\/uploads\/2024\/06\/Demande-de-licence-jeune-v2.pdf\" target=\"_blank\" rel=\"noopener\">format PDF<\/a><\/p>\n<\/td>\n<\/tr>\n<tr>\n<td width=\"310\">\n<p>Autorisation des Parents<\/p>\n<\/td>\n<td width=\"161\">\n<p>&nbsp;<\/p>\n<\/td>\n<td width=\"144\">\n<p style=\"text-align: center;\"><a href=\"https:\/\/docs.google.com\/document\/d\/1ja0Msd-9jbNVZJRrZlzQwL929_vM1Rxl\/edit?usp=drive_link&amp;ouid=114632945313416030667&amp;rtpof=true&amp;sd=true\" target=\"_blank\" rel=\"noopener\">Format Word<\/a><\/p>\n<p style=\"text-align: center;\">Ou <a href=\"https:\/\/colomiers-volley.fr\/wp-content\/uploads\/2023\/09\/Autorisation-des-parents-CLLL-V3.pdf\" target=\"_blank\" rel=\"noopener\">format PDF<\/a><\/p>\n<\/td>\n<\/tr>\n<\/tbody>\n<\/table>\n<p>&nbsp;<\/p>\n<\/div>\n\n\n<p><\/p>\n\n\n\n<p class=\"has-text-align-center has-medium-font-size\"><strong>Entrainement des jeunes le mardi soir (19h-21h) \u00e0 Lucie Aubrac<\/strong><\/p>\n\n\n\n<figure class=\"wp-block-gallery has-nested-images columns-default is-cropped wp-block-gallery-1 is-layout-flex wp-block-gallery-is-layout-flex\">\n<figure class=\"wp-block-image size-large\"><img loading=\"lazy\" decoding=\"async\" width=\"1024\" height=\"576\" data-id=\"1593\" src=\"https:\/\/colomiers-volley.fr\/wp-content\/uploads\/2023\/03\/DSC0031-1024x576.jpg\" alt=\"\" class=\"wp-image-1593\" srcset=\"https:\/\/colomiers-volley.fr\/wp-content\/uploads\/2023\/03\/DSC0031-1024x576.jpg 1024w, https:\/\/colomiers-volley.fr\/wp-content\/uploads\/2023\/03\/DSC0031-300x169.jpg 300w, https:\/\/colomiers-volley.fr\/wp-content\/uploads\/2023\/03\/DSC0031-768x432.jpg 768w, https:\/\/colomiers-volley.fr\/wp-content\/uploads\/2023\/03\/DSC0031-1536x864.jpg 1536w, https:\/\/colomiers-volley.fr\/wp-content\/uploads\/2023\/03\/DSC0031-2048x1152.jpg 2048w\" sizes=\"auto, (max-width: 1024px) 100vw, 1024px\" \/><\/figure>\n\n\n\n<figure class=\"wp-block-image size-large\"><img loading=\"lazy\" decoding=\"async\" width=\"1024\" height=\"731\" data-id=\"1591\" src=\"https:\/\/colomiers-volley.fr\/wp-content\/uploads\/2023\/03\/DSC0022-1024x731.jpg\" alt=\"\" class=\"wp-image-1591\" srcset=\"https:\/\/colomiers-volley.fr\/wp-content\/uploads\/2023\/03\/DSC0022-1024x731.jpg 1024w, https:\/\/colomiers-volley.fr\/wp-content\/uploads\/2023\/03\/DSC0022-300x214.jpg 300w, https:\/\/colomiers-volley.fr\/wp-content\/uploads\/2023\/03\/DSC0022-768x549.jpg 768w, https:\/\/colomiers-volley.fr\/wp-content\/uploads\/2023\/03\/DSC0022-1536x1097.jpg 1536w, https:\/\/colomiers-volley.fr\/wp-content\/uploads\/2023\/03\/DSC0022-2048x1463.jpg 2048w\" sizes=\"auto, (max-width: 1024px) 100vw, 1024px\" \/><\/figure>\n\n\n\n<figure class=\"wp-block-image size-large\"><img loading=\"lazy\" decoding=\"async\" width=\"1024\" height=\"576\" data-id=\"1590\" src=\"https:\/\/colomiers-volley.fr\/wp-content\/uploads\/2023\/03\/DSC0027-1024x576.jpg\" alt=\"\" class=\"wp-image-1590\" srcset=\"https:\/\/colomiers-volley.fr\/wp-content\/uploads\/2023\/03\/DSC0027-1024x576.jpg 1024w, https:\/\/colomiers-volley.fr\/wp-content\/uploads\/2023\/03\/DSC0027-300x169.jpg 300w, https:\/\/colomiers-volley.fr\/wp-content\/uploads\/2023\/03\/DSC0027-768x432.jpg 768w, https:\/\/colomiers-volley.fr\/wp-content\/uploads\/2023\/03\/DSC0027-1536x864.jpg 1536w, https:\/\/colomiers-volley.fr\/wp-content\/uploads\/2023\/03\/DSC0027-2048x1152.jpg 2048w\" sizes=\"auto, (max-width: 1024px) 100vw, 1024px\" \/><\/figure>\n\n\n\n<figure class=\"wp-block-image size-large\"><img loading=\"lazy\" decoding=\"async\" width=\"1024\" height=\"576\" data-id=\"1589\" src=\"https:\/\/colomiers-volley.fr\/wp-content\/uploads\/2023\/03\/DSC0023-1024x576.jpg\" alt=\"\" class=\"wp-image-1589\" srcset=\"https:\/\/colomiers-volley.fr\/wp-content\/uploads\/2023\/03\/DSC0023-1024x576.jpg 1024w, https:\/\/colomiers-volley.fr\/wp-content\/uploads\/2023\/03\/DSC0023-300x169.jpg 300w, https:\/\/colomiers-volley.fr\/wp-content\/uploads\/2023\/03\/DSC0023-768x432.jpg 768w, https:\/\/colomiers-volley.fr\/wp-content\/uploads\/2023\/03\/DSC0023-1536x864.jpg 1536w, https:\/\/colomiers-volley.fr\/wp-content\/uploads\/2023\/03\/DSC0023-2048x1152.jpg 2048w\" sizes=\"auto, (max-width: 1024px) 100vw, 1024px\" \/><\/figure>\n\n\n\n<figure class=\"wp-block-image size-large\"><img loading=\"lazy\" decoding=\"async\" width=\"1024\" height=\"731\" data-id=\"1588\" src=\"https:\/\/colomiers-volley.fr\/wp-content\/uploads\/2023\/03\/DSC0021-1024x731.jpg\" alt=\"\" class=\"wp-image-1588\" srcset=\"https:\/\/colomiers-volley.fr\/wp-content\/uploads\/2023\/03\/DSC0021-1024x731.jpg 1024w, https:\/\/colomiers-volley.fr\/wp-content\/uploads\/2023\/03\/DSC0021-300x214.jpg 300w, https:\/\/colomiers-volley.fr\/wp-content\/uploads\/2023\/03\/DSC0021-768x549.jpg 768w, https:\/\/colomiers-volley.fr\/wp-content\/uploads\/2023\/03\/DSC0021-1536x1097.jpg 1536w, https:\/\/colomiers-volley.fr\/wp-content\/uploads\/2023\/03\/DSC0021-2048x1463.jpg 2048w\" sizes=\"auto, (max-width: 1024px) 100vw, 1024px\" \/><\/figure>\n\n\n\n<figure class=\"wp-block-image size-large\"><img loading=\"lazy\" decoding=\"async\" width=\"1024\" height=\"732\" data-id=\"1587\" src=\"https:\/\/colomiers-volley.fr\/wp-content\/uploads\/2023\/03\/DSC0020-1024x732.jpg\" alt=\"\" class=\"wp-image-1587\" srcset=\"https:\/\/colomiers-volley.fr\/wp-content\/uploads\/2023\/03\/DSC0020-1024x732.jpg 1024w, https:\/\/colomiers-volley.fr\/wp-content\/uploads\/2023\/03\/DSC0020-300x214.jpg 300w, https:\/\/colomiers-volley.fr\/wp-content\/uploads\/2023\/03\/DSC0020-768x549.jpg 768w, https:\/\/colomiers-volley.fr\/wp-content\/uploads\/2023\/03\/DSC0020-1536x1097.jpg 1536w, https:\/\/colomiers-volley.fr\/wp-content\/uploads\/2023\/03\/DSC0020-2048x1463.jpg 2048w\" sizes=\"auto, (max-width: 1024px) 100vw, 1024px\" \/><\/figure>\n\n\n\n<figure class=\"wp-block-image size-large\"><img loading=\"lazy\" decoding=\"async\" width=\"1024\" height=\"576\" data-id=\"1586\" src=\"https:\/\/colomiers-volley.fr\/wp-content\/uploads\/2023\/03\/DSC0037-1024x576.jpg\" alt=\"\" class=\"wp-image-1586\" srcset=\"https:\/\/colomiers-volley.fr\/wp-content\/uploads\/2023\/03\/DSC0037-1024x576.jpg 1024w, https:\/\/colomiers-volley.fr\/wp-content\/uploads\/2023\/03\/DSC0037-300x169.jpg 300w, https:\/\/colomiers-volley.fr\/wp-content\/uploads\/2023\/03\/DSC0037-768x432.jpg 768w, https:\/\/colomiers-volley.fr\/wp-content\/uploads\/2023\/03\/DSC0037-1536x864.jpg 1536w, https:\/\/colomiers-volley.fr\/wp-content\/uploads\/2023\/03\/DSC0037-2048x1152.jpg 2048w\" sizes=\"auto, (max-width: 1024px) 100vw, 1024px\" \/><\/figure>\n\n\n\n<figure class=\"wp-block-image size-large\"><img loading=\"lazy\" decoding=\"async\" width=\"1024\" height=\"731\" data-id=\"1585\" src=\"https:\/\/colomiers-volley.fr\/wp-content\/uploads\/2023\/03\/DSC0010-1024x731.jpg\" alt=\"\" class=\"wp-image-1585\" srcset=\"https:\/\/colomiers-volley.fr\/wp-content\/uploads\/2023\/03\/DSC0010-1024x731.jpg 1024w, https:\/\/colomiers-volley.fr\/wp-content\/uploads\/2023\/03\/DSC0010-300x214.jpg 300w, https:\/\/colomiers-volley.fr\/wp-content\/uploads\/2023\/03\/DSC0010-768x548.jpg 768w, https:\/\/colomiers-volley.fr\/wp-content\/uploads\/2023\/03\/DSC0010-1536x1097.jpg 1536w, https:\/\/colomiers-volley.fr\/wp-content\/uploads\/2023\/03\/DSC0010-2048x1463.jpg 2048w\" sizes=\"auto, (max-width: 1024px) 100vw, 1024px\" \/><\/figure>\n\n\n\n<figure class=\"wp-block-image size-large\"><img loading=\"lazy\" decoding=\"async\" width=\"1024\" height=\"731\" data-id=\"1583\" src=\"https:\/\/colomiers-volley.fr\/wp-content\/uploads\/2023\/03\/DSC0006-1024x731.jpg\" alt=\"\" class=\"wp-image-1583\" srcset=\"https:\/\/colomiers-volley.fr\/wp-content\/uploads\/2023\/03\/DSC0006-1024x731.jpg 1024w, https:\/\/colomiers-volley.fr\/wp-content\/uploads\/2023\/03\/DSC0006-300x214.jpg 300w, https:\/\/colomiers-volley.fr\/wp-content\/uploads\/2023\/03\/DSC0006-768x548.jpg 768w\" sizes=\"auto, (max-width: 1024px) 100vw, 1024px\" \/><\/figure>\n\n\n\n<figure class=\"wp-block-image size-large\"><img loading=\"lazy\" decoding=\"async\" width=\"1024\" height=\"576\" data-id=\"1582\" src=\"https:\/\/colomiers-volley.fr\/wp-content\/uploads\/2023\/03\/DSC0034-1024x576.jpg\" alt=\"\" class=\"wp-image-1582\" srcset=\"https:\/\/colomiers-volley.fr\/wp-content\/uploads\/2023\/03\/DSC0034-1024x576.jpg 1024w, https:\/\/colomiers-volley.fr\/wp-content\/uploads\/2023\/03\/DSC0034-300x169.jpg 300w, https:\/\/colomiers-volley.fr\/wp-content\/uploads\/2023\/03\/DSC0034-768x432.jpg 768w, https:\/\/colomiers-volley.fr\/wp-content\/uploads\/2023\/03\/DSC0034-1536x864.jpg 1536w, https:\/\/colomiers-volley.fr\/wp-content\/uploads\/2023\/03\/DSC0034-2048x1152.jpg 2048w\" sizes=\"auto, (max-width: 1024px) 100vw, 1024px\" \/><\/figure>\n\n\n\n<figure class=\"wp-block-image size-large\"><img loading=\"lazy\" decoding=\"async\" width=\"1024\" height=\"448\" data-id=\"1580\" src=\"https:\/\/colomiers-volley.fr\/wp-content\/uploads\/2023\/03\/DSC0009-1024x448.jpg\" alt=\"\" class=\"wp-image-1580\" srcset=\"https:\/\/colomiers-volley.fr\/wp-content\/uploads\/2023\/03\/DSC0009-1024x448.jpg 1024w, https:\/\/colomiers-volley.fr\/wp-content\/uploads\/2023\/03\/DSC0009-300x131.jpg 300w, https:\/\/colomiers-volley.fr\/wp-content\/uploads\/2023\/03\/DSC0009-768x336.jpg 768w, https:\/\/colomiers-volley.fr\/wp-content\/uploads\/2023\/03\/DSC0009-1536x672.jpg 1536w, https:\/\/colomiers-volley.fr\/wp-content\/uploads\/2023\/03\/DSC0009-2048x896.jpg 2048w\" sizes=\"auto, (max-width: 1024px) 100vw, 1024px\" \/><\/figure>\n\n\n\n<figure class=\"wp-block-image size-large\"><img loading=\"lazy\" decoding=\"async\" width=\"1024\" height=\"461\" data-id=\"1477\" src=\"https:\/\/colomiers-volley.fr\/wp-content\/uploads\/2023\/01\/20230117_203028-1024x461.jpg\" alt=\"\" class=\"wp-image-1477\" srcset=\"https:\/\/colomiers-volley.fr\/wp-content\/uploads\/2023\/01\/20230117_203028-1024x461.jpg 1024w, https:\/\/colomiers-volley.fr\/wp-content\/uploads\/2023\/01\/20230117_203028-300x135.jpg 300w, https:\/\/colomiers-volley.fr\/wp-content\/uploads\/2023\/01\/20230117_203028-768x346.jpg 768w, https:\/\/colomiers-volley.fr\/wp-content\/uploads\/2023\/01\/20230117_203028-1536x691.jpg 1536w, https:\/\/colomiers-volley.fr\/wp-content\/uploads\/2023\/01\/20230117_203028-2048x922.jpg 2048w\" sizes=\"auto, (max-width: 1024px) 100vw, 1024px\" \/><\/figure>\n<\/figure>\n\n\n\n<figure class=\"wp-block-gallery has-nested-images columns-default is-cropped wp-block-gallery-2 is-layout-flex wp-block-gallery-is-layout-flex\">\n<figure class=\"wp-block-image size-large\"><img loading=\"lazy\" decoding=\"async\" width=\"1024\" height=\"576\" data-id=\"1595\" src=\"https:\/\/colomiers-volley.fr\/wp-content\/uploads\/2023\/03\/DSC0047b-1024x576.jpg\" alt=\"Entra\u00eenement des Jeunes \u00e0 Lucie Aubrac mardi 19h-21h\" class=\"wp-image-1595\" srcset=\"https:\/\/colomiers-volley.fr\/wp-content\/uploads\/2023\/03\/DSC0047b-1024x576.jpg 1024w, https:\/\/colomiers-volley.fr\/wp-content\/uploads\/2023\/03\/DSC0047b-300x169.jpg 300w, https:\/\/colomiers-volley.fr\/wp-content\/uploads\/2023\/03\/DSC0047b-768x432.jpg 768w, https:\/\/colomiers-volley.fr\/wp-content\/uploads\/2023\/03\/DSC0047b-1536x864.jpg 1536w, https:\/\/colomiers-volley.fr\/wp-content\/uploads\/2023\/03\/DSC0047b-2048x1152.jpg 2048w\" sizes=\"auto, (max-width: 1024px) 100vw, 1024px\" \/><figcaption class=\"wp-element-caption\">Entra\u00eenement des Jeunes \u00e0 Lucie Aubrac mardi 19h-21h<\/figcaption><\/figure>\n<\/figure>\n\n\n\n<p class=\"has-text-align-center has-medium-font-size\"><strong>Entrainement des adultes le mardi soir (21h-23h) \u00e0 Lucie Aubrac<\/strong><\/p>\n\n\n\n<p class=\"has-large-font-size\"><\/p>\n\n\n\n<figure class=\"wp-block-gallery has-nested-images columns-default is-cropped wp-block-gallery-3 is-layout-flex wp-block-gallery-is-layout-flex\">\n<figure class=\"wp-block-image size-large\"><img loading=\"lazy\" decoding=\"async\" width=\"1024\" height=\"575\" data-id=\"1605\" src=\"https:\/\/colomiers-volley.fr\/wp-content\/uploads\/2023\/03\/Aubrac2-1024x575.jpg\" alt=\"Loisirs Adultes mardi soir \u00e0 Aubrac\" class=\"wp-image-1605\" srcset=\"https:\/\/colomiers-volley.fr\/wp-content\/uploads\/2023\/03\/Aubrac2-1024x575.jpg 1024w, https:\/\/colomiers-volley.fr\/wp-content\/uploads\/2023\/03\/Aubrac2-300x168.jpg 300w, https:\/\/colomiers-volley.fr\/wp-content\/uploads\/2023\/03\/Aubrac2-768x431.jpg 768w, https:\/\/colomiers-volley.fr\/wp-content\/uploads\/2023\/03\/Aubrac2-1536x863.jpg 1536w, https:\/\/colomiers-volley.fr\/wp-content\/uploads\/2023\/03\/Aubrac2-2048x1150.jpg 2048w\" sizes=\"auto, (max-width: 1024px) 100vw, 1024px\" \/><figcaption class=\"wp-element-caption\">Loisirs Adultes mardi soir \u00e0 Aubrac<\/figcaption><\/figure>\n<\/figure>\n\n\n\n<p class=\"has-large-font-size\"><\/p>\n\n\n\n<p class=\"has-text-align-center\"><strong>Entrainement des adultes le vendredi midi (12h15-13h30) \u00e0 Lucie Aubrac<\/strong><\/p>\n\n\n\n<figure class=\"wp-block-gallery has-nested-images columns-default is-cropped wp-block-gallery-4 is-layout-flex wp-block-gallery-is-layout-flex\">\n<figure class=\"wp-block-image size-large\"><img loading=\"lazy\" decoding=\"async\" width=\"1024\" height=\"451\" data-id=\"1969\" src=\"https:\/\/colomiers-volley.fr\/wp-content\/uploads\/2024\/02\/Loisirs-AUBRAC-vendredi-midi-20230119-1024x451.jpg\" alt=\"\" class=\"wp-image-1969\" srcset=\"https:\/\/colomiers-volley.fr\/wp-content\/uploads\/2024\/02\/Loisirs-AUBRAC-vendredi-midi-20230119-1024x451.jpg 1024w, https:\/\/colomiers-volley.fr\/wp-content\/uploads\/2024\/02\/Loisirs-AUBRAC-vendredi-midi-20230119-300x132.jpg 300w, https:\/\/colomiers-volley.fr\/wp-content\/uploads\/2024\/02\/Loisirs-AUBRAC-vendredi-midi-20230119-768x338.jpg 768w, https:\/\/colomiers-volley.fr\/wp-content\/uploads\/2024\/02\/Loisirs-AUBRAC-vendredi-midi-20230119-1536x676.jpg 1536w, https:\/\/colomiers-volley.fr\/wp-content\/uploads\/2024\/02\/Loisirs-AUBRAC-vendredi-midi-20230119.jpg 1851w\" sizes=\"auto, (max-width: 1024px) 100vw, 1024px\" \/><figcaption class=\"wp-element-caption\">Loisirs Adultes vendredi midi \u00e0 Aubrac<\/figcaption><\/figure>\n<\/figure>\n\n\n\n<p class=\"has-text-align-center\"><strong>Entrainement des adultes le vendredi soir (20h30-23h00) \u00e0 L\u00e9on Blum<\/strong><\/p>\n\n\n\n<figure class=\"wp-block-gallery has-nested-images columns-default is-cropped wp-block-gallery-5 is-layout-flex wp-block-gallery-is-layout-flex\">\n<figure class=\"wp-block-image size-large\"><img loading=\"lazy\" decoding=\"async\" width=\"951\" height=\"567\" data-id=\"1975\" src=\"https:\/\/colomiers-volley.fr\/wp-content\/uploads\/2024\/03\/loisirs-blum-vendredi-soir-20240301.jpg\" alt=\"Loisirs vendredi soir \u00e0 Blum\" class=\"wp-image-1975\" srcset=\"https:\/\/colomiers-volley.fr\/wp-content\/uploads\/2024\/03\/loisirs-blum-vendredi-soir-20240301.jpg 951w, https:\/\/colomiers-volley.fr\/wp-content\/uploads\/2024\/03\/loisirs-blum-vendredi-soir-20240301-300x179.jpg 300w, https:\/\/colomiers-volley.fr\/wp-content\/uploads\/2024\/03\/loisirs-blum-vendredi-soir-20240301-768x458.jpg 768w\" sizes=\"auto, (max-width: 951px) 100vw, 951px\" \/><figcaption class=\"wp-element-caption\">Loisirs Adultes vendredi soir \u00e0 Blum<\/figcaption><\/figure>\n<\/figure>\n","protected":false},"excerpt":{"rendered":"<p>La nouvelle saison 2025-2026 du Club de Volley Ball\u00a0 de Colomiers C3L est repartie depuis le mardi 9 septembre 2025&#8230;.  <a class=\"excerpt-read-more\" href=\"https:\/\/colomiers-volley.fr\/?page_id=227\" title=\"Read Horaires Tarifs Inscriptions\">Read more &raquo;<\/a><\/p>\n","protected":false},"author":1,"featured_media":1595,"parent":0,"menu_order":0,"comment_status":"closed","ping_status":"closed","template":"template\/template-about.php","meta":{"footnotes":""},"class_list":["post-227","page","type-page","status-publish","has-post-thumbnail","hentry"],"_links":{"self":[{"href":"https:\/\/colomiers-volley.fr\/index.php?rest_route=\/wp\/v2\/pages\/227","targetHints":{"allow":["GET"]}}],"collection":[{"href":"https:\/\/colomiers-volley.fr\/index.php?rest_route=\/wp\/v2\/pages"}],"about":[{"href":"https:\/\/colomiers-volley.fr\/index.php?rest_route=\/wp\/v2\/types\/page"}],"author":[{"embeddable":true,"href":"https:\/\/colomiers-volley.fr\/index.php?rest_route=\/wp\/v2\/users\/1"}],"replies":[{"embeddable":true,"href":"https:\/\/colomiers-volley.fr\/index.php?rest_route=%2Fwp%2Fv2%2Fcomments&post=227"}],"version-history":[{"count":150,"href":"https:\/\/colomiers-volley.fr\/index.php?rest_route=\/wp\/v2\/pages\/227\/revisions"}],"predecessor-version":[{"id":2733,"href":"https:\/\/colomiers-volley.fr\/index.php?rest_route=\/wp\/v2\/pages\/227\/revisions\/2733"}],"wp:featuredmedia":[{"embeddable":true,"href":"https:\/\/colomiers-volley.fr\/index.php?rest_route=\/wp\/v2\/media\/1595"}],"wp:attachment":[{"href":"https:\/\/colomiers-volley.fr\/index.php?rest_route=%2Fwp%2Fv2%2Fmedia&parent=227"}],"curies":[{"name":"wp","href":"https:\/\/api.w.org\/{rel}","templated":true}]}}